{"id":495,"date":"2020-09-15T10:28:06","date_gmt":"2020-09-15T13:28:06","guid":{"rendered":"http:\/\/fremitec.ind.br\/?page_id=495"},"modified":"2024-01-11T16:24:48","modified_gmt":"2024-01-11T19:24:48","slug":"sobre","status":"publish","type":"page","link":"https:\/\/fremitec.ind.br\/?page_id=495","title":{"rendered":"Sobre"},"content":{"rendered":"\n<div class=\"wp-block-uagb-container uagb-block-fa4e7bef alignfull uagb-is-root-container\"><div class=\"uagb-container-inner-blocks-wrap\">\n<div class=\"wp-block-uagb-advanced-heading uagb-block-cbb6f691\"><h1 class=\"uagb-heading-text\">Sobre a empresa<\/h1><\/div>\n<\/div><\/div>\n\n\n\n<div class=\"wp-block-uagb-container uagb-block-6598a9b6 alignfull uagb-is-root-container\"><div class=\"uagb-container-inner-blocks-wrap\">\n<div class=\"wp-block-uagb-container uagb-block-a1e8aa74\">\n<div class=\"wp-block-uagb-advanced-heading uagb-block-ae02c5b5\"><h5 class=\"uagb-heading-text\">Fremitec<\/h5><\/div>\n\n\n\n<div class=\"wp-block-uagb-advanced-heading uagb-block-0c3b246c\"><h2 class=\"uagb-heading-text\">Precis\u00e3o do <br>atendimento<br>at\u00e9 a entrega.<\/h2><\/div>\n\n\n\n<div class=\"wp-block-uagb-container uagb-block-7335790d\">\n<div class=\"wp-block-uagb-image uagb-block-e777e50f wp-block-uagb-image--layout-default wp-block-uagb-image--effect-static wp-block-uagb-image--align-none\"><figure class=\"wp-block-uagb-image__figure\"><img loading=\"lazy\" decoding=\"async\" srcset=\"https:\/\/fremitec.ind.br\/wp-content\/uploads\/2022\/11\/pexels-tima-miroshnichenko-5846176-1024x683.jpg \" sizes=\"auto, (max-width: 480px) 150px\" src=\"https:\/\/fremitec.ind.br\/wp-content\/uploads\/2022\/11\/pexels-tima-miroshnichenko-5846176-1024x683.jpg\" alt=\"\" class=\"uag-image-531\" width=\"1024\" height=\"683\" title=\"\" loading=\"lazy\"\/><\/figure><\/div>\n<\/div>\n<\/div>\n\n\n\n<div class=\"wp-block-uagb-container uagb-block-886219cc\">\n<div class=\"wp-block-uagb-advanced-heading uagb-block-d627499a\"><h3 class=\"uagb-heading-text\"><strong>Comprometida em oferecer os melhores servi\u00e7os de usinagem de precis\u00e3o, atendendo seguimentos dos mercados automotivo, m\u00e1quinas agr\u00edcolas, industrial e outros. A Fremitec tem como responsabilidade, fabricar pe\u00e7as e equipamentos com qualidade, mediante desenhos recebidos dos clientes. Para isso a empresa utiliza tecnologia, garantindo servi\u00e7os de qualidade, satisfazendo seus clientes<\/strong><\/h3><p class=\"uagb-desc-text\">Somos certificadas pela norma&nbsp;NBR ISO 9001.<br><br>Contamos com m\u00e1quinas modernas e colaboradores capacitados.<br>Executamos servi\u00e7os de usinagem de precis\u00e3o em m\u00e1quinas CNC \u2013 Tornos Verticais e paralelos, Centros de Usinagem Horizontais e Verticais, Fresamentos, Fura\u00e7\u00f5es.<br>Temos, tamb\u00e9m, M\u00e1quinas de Corte Plasma, Solda Mig\/Tig e Servi\u00e7os de Caldeiraria.<\/p><\/div>\n<\/div>\n<\/div><\/div>\n\n\n\n<div class=\"wp-block-uagb-container uagb-block-8acb637d alignfull uagb-is-root-container\"><div class=\"uagb-container-inner-blocks-wrap\">\n<div class=\"wp-block-uagb-container uagb-block-716bac03\">\n<div class=\"wp-block-uagb-container uagb-block-87cd3b6d\">\n<div class=\"wp-block-uagb-advanced-heading uagb-block-80570fbe\"><h5 class=\"uagb-heading-text\">Nossos N\u00fameros<\/h5><\/div>\n\n\n\n<div class=\"wp-block-uagb-advanced-heading uagb-block-bdc0e0c9\"><h2 class=\"uagb-heading-text\">Nossos n\u00fameros falam por si.<\/h2><\/div>\n<\/div>\n\n\n\n<div class=\"wp-block-uagb-container uagb-block-a36aa22a\">\n<div class=\"wp-block-uagb-advanced-heading uagb-block-e9c9f340\"><h2 class=\"uagb-heading-text\">1500<\/h2><p class=\"uagb-desc-text\">m\u00b2 de \u00c1rea Total<\/p><\/div>\n<\/div>\n\n\n\n<div class=\"wp-block-uagb-container uagb-block-5b054b81\">\n<div class=\"wp-block-uagb-advanced-heading uagb-block-3d2524f8\"><h2 class=\"uagb-heading-text\">1250<\/h2><p class=\"uagb-desc-text\">m\u00b2 de \u00c1rea Constru\u00edda<\/p><\/div>\n<\/div>\n\n\n\n<div class=\"wp-block-uagb-container uagb-block-ed775693\">\n<div class=\"wp-block-uagb-advanced-heading uagb-block-766bfc93\"><h2 class=\"uagb-heading-text\">+33<\/h2><p class=\"uagb-desc-text\">Anos de Experi\u00eancia<\/p><\/div>\n<\/div>\n<\/div>\n\n\n\n<div class=\"wp-block-uagb-advanced-heading uagb-block-82bac12b\"><h2 class=\"uagb-heading-text\">Entrega programada, de acordo com a necessidade do cliente.<\/h2><\/div>\n\n\n\n<div class=\"wp-block-uagb-container uagb-block-ccacfea0\">\n<div class=\"wp-block-uagb-advanced-heading uagb-block-8ba669c3\"><h4 class=\"uagb-heading-text\">Solu\u00e7\u00f5es Sob Medida\u200b<\/h4><p class=\"uagb-desc-text\">Trabalhamos com produ\u00e7\u00f5es seriadas e\/ou em lotes, conforme demanda do cliente, atendendo cronograma acordado em contrato ou pedido de compras.<\/p><\/div>\n\n\n\n<div class=\"wp-block-uagb-advanced-heading uagb-block-4b4b6538\"><h4 class=\"uagb-heading-text\">Qualidade Garantida<\/h4><p class=\"uagb-desc-text\">As pe\u00e7as produzidas s\u00e3o controladas com sistema de garantia de qualidade, oferecendo padroniza\u00e7\u00e3o e rastreabilidade, conforme normatiza\u00e7\u00e3o.<\/p><\/div>\n\n\n\n<div class=\"wp-block-uagb-advanced-heading uagb-block-9acac9a5\"><h3 class=\"uagb-heading-text\">Investimos em melhorias cont\u00ednuas, oferecendo produtividade e qualidade.<\/h3><\/div>\n<\/div>\n<\/div><\/div>\n\n\n\n<h1 class=\"wp-block-heading has-text-align-center\">Pol\u00edtica da Qualidade<\/h1>\n\n\n\n<div class=\"wp-block-uagb-info-box uagb-block-209bd4fe uagb-infobox__content-wrap  uagb-infobox-icon-above-title uagb-infobox-image-valign-top\"><div class=\"uagb-ifb-content\"><div class=\"uagb-ifb-icon-wrap\"><svg xmlns=\"https:\/\/www.w3.org\/2000\/svg\" viewBox=\"0 0 512 512\"><path d=\"M0 256C0 114.6 114.6 0 256 0C397.4 0 512 114.6 512 256C512 397.4 397.4 512 256 512C114.6 512 0 397.4 0 256zM371.8 211.8C382.7 200.9 382.7 183.1 371.8 172.2C360.9 161.3 343.1 161.3 332.2 172.2L224 280.4L179.8 236.2C168.9 225.3 151.1 225.3 140.2 236.2C129.3 247.1 129.3 264.9 140.2 275.8L204.2 339.8C215.1 350.7 232.9 350.7 243.8 339.8L371.8 211.8z\"><\/path><\/svg><\/div><div class=\"uagb-ifb-title-wrap\"><h3 class=\"uagb-ifb-title\">Fremitec &#8211; Usinagem T\u00e9cnica de Precis\u00e3o<\/h3><\/div><p class=\"uagb-ifb-desc\">\u2022 A empresa tem o objetivo de fornecer presta\u00e7\u00e3o de servi\u00e7os de usinagem e caldeiraria leve;<br>\u2022 Atendendo aos requisitos de qualidade relacionados ao produto;<br>\u2022 Aos prazos, e assim, satisfazendo nossos clientes;<br>\u2022 Buscando a melhoria cont\u00ednua de dos processos;<br>\u2022 Assegurando o atendimento \u00e0s partes interessadas como colaboradores, fornecedores, governo e sociedade.<br><\/p><\/div><\/div>\n\n\n\n<h1 class=\"wp-block-heading has-text-align-center\">Certifica\u00e7\u00e3o ISO 9001<\/h1>\n\n\n\n<hr class=\"wp-block-separator has-alpha-channel-opacity\"\/>\n\n\n\n<div style=\"height:20px\" aria-hidden=\"true\" class=\"wp-block-spacer\"><\/div>\n\n\n\n<div class=\"wp-block-uagb-image aligncenter uagb-block-c46a94fb wp-block-uagb-image--layout-default wp-block-uagb-image--effect-static wp-block-uagb-image--align-center\"><figure class=\"wp-block-uagb-image__figure\"><img loading=\"lazy\" decoding=\"async\" srcset=\"https:\/\/fremitec.ind.br\/wp-content\/uploads\/2023\/04\/iso-fremitec.png \" sizes=\"auto, (max-width: 480px) 150px\" src=\"https:\/\/fremitec.ind.br\/wp-content\/uploads\/2023\/04\/iso-fremitec.png\" alt=\"\" class=\"uag-image-625\" width=\"559\" height=\"793\" title=\"\" loading=\"lazy\"\/><\/figure><\/div>\n\n\n\n<div style=\"height:25px\" aria-hidden=\"true\" class=\"wp-block-spacer\"><\/div>\n\n\n\n<div class=\"wp-block-uagb-container uagb-block-1f03cffb alignfull uagb-is-root-container\"><div class=\"uagb-container-inner-blocks-wrap\">\n<div class=\"wp-block-uagb-container uagb-block-1317296a\">\n<div class=\"wp-block-uagb-image aligncenter uagb-block-c38082d3 wp-block-uagb-image--layout-default wp-block-uagb-image--effect-static wp-block-uagb-image--align-center\"><figure class=\"wp-block-uagb-image__figure\"><img loading=\"lazy\" decoding=\"async\" srcset=\"https:\/\/fremitec.ind.br\/wp-content\/uploads\/2023\/03\/832_iso_9001_logo.png \" sizes=\"auto, (max-width: 480px) 150px\" src=\"https:\/\/fremitec.ind.br\/wp-content\/uploads\/2023\/03\/832_iso_9001_logo.png\" alt=\"\" class=\"uag-image-600\" width=\"250\" height=\"250\" title=\"\" loading=\"lazy\"\/><\/figure><\/div>\n\n\n\n<div class=\"wp-block-uagb-container uagb-block-da222fdf\">\n<div class=\"wp-block-uagb-container uagb-block-15b728c9\"><\/div>\n<\/div>\n<\/div>\n\n\n\n<div class=\"wp-block-uagb-container uagb-block-15bcb789\">\n<div class=\"wp-block-uagb-buttons uagb-buttons__outer-wrap uagb-btn__default-btn uagb-btn-tablet__default-btn uagb-btn-mobile__default-btn uagb-block-fdc33f4f\"><div class=\"uagb-buttons__wrap uagb-buttons-layout-wrap\">\n<div class=\"wp-block-uagb-buttons-child uagb-buttons__outer-wrap uagb-block-ba5f5e83 wp-block-button is-style-outline\"><div class=\"uagb-button__wrapper\"><a class=\"uagb-buttons-repeater wp-block-button__link\" href=\"http:\/\/fremitec.ind.br\/wp-content\/uploads\/2023\/04\/Cert-ISO-9001-2015_10.03.2021.pdf\" onclick=\"return true;\" rel=\"follow noopener\" target=\"_blank\"><div class=\"uagb-button__link\">DOWNLOAD<\/div><\/a><\/div><\/div>\n<\/div><\/div>\n<\/div>\n<\/div><\/div>\n\n\n\n<div class=\"wp-block-uagb-container uagb-block-131f1ee3 alignfull uagb-is-root-container\"><div class=\"uagb-container-inner-blocks-wrap\">\n<div class=\"wp-block-uagb-container uagb-block-38169af7\">\n<div class=\"wp-block-uagb-advanced-heading uagb-block-f4435ac5\"><h3 class=\"uagb-heading-text\">Buscando um parceiro estrat\u00e9gico ? <br>Fale com a Fremitec.<\/h3><\/div>\n<\/div>\n\n\n\n<div class=\"wp-block-uagb-container uagb-block-2f667d9f\">\n<div class=\"wp-block-uagb-buttons uagb-buttons__outer-wrap uagb-btn__default-btn uagb-btn-tablet__default-btn uagb-btn-mobile__default-btn uagb-block-d9bd043b\"><div class=\"uagb-buttons__wrap uagb-buttons-layout-wrap\">\n<div class=\"wp-block-uagb-buttons-child uagb-buttons__outer-wrap uagb-block-e5073db8 wp-block-button\"><div class=\"uagb-button__wrapper\"><a class=\"uagb-buttons-repeater wp-block-button__link\" href=\"https:\/\/api.whatsapp.com\/send?phone=5519982420056\" onclick=\"return true;\" rel=\"nofollow noopener\" target=\"_blank\"><div class=\"uagb-button__link\">ATENDIMENTO<\/div><\/a><\/div><\/div>\n<\/div><\/div>\n<\/div>\n<\/div><\/div>\n\n\n\n<div class=\"wp-block-uagb-container uagb-block-c50a0442 alignfull uagb-is-root-container\"><div class=\"uagb-container-inner-blocks-wrap\">\n<pre class=\"wp-block-preformatted\"><\/pre>\n<\/div><\/div>\n","protected":false},"excerpt":{"rendered":"<p>Sobre a empresa Fremitec Precis\u00e3o do atendimentoat\u00e9 a entrega. Comprometida em oferecer os melhores servi\u00e7os de usinagem de precis\u00e3o, atendendo seguimentos dos mercados automotivo, m\u00e1quinas agr\u00edcolas, industrial e outros. A Fremitec tem como responsabilidade, fabricar pe\u00e7as e equipamentos com qualidade, mediante desenhos recebidos dos clientes. Para isso a empresa utiliza tecnologia, garantindo servi\u00e7os de qualidade, [&hellip;]<\/p>\n","protected":false},"author":1,"featured_media":0,"parent":0,"menu_order":0,"comment_status":"closed","ping_status":"closed","template":"","meta":{"_uag_custom_page_level_css":"","site-sidebar-layout":"no-sidebar","site-content-layout":"plain-container","ast-site-content-layout":"default","site-content-style":"default","site-sidebar-style":"default","ast-global-header-display":"","ast-banner-title-visibility":"","ast-main-header-display":"","ast-hfb-above-header-display":"","ast-hfb-below-header-display":"","ast-hfb-mobile-header-display":"","site-post-title":"disabled","ast-breadcrumbs-content":"","ast-featured-img":"disabled","footer-sml-layout":"","theme-transparent-header-meta":"enabled","adv-header-id-meta":"","stick-header-meta":"","header-above-stick-meta":"","header-main-stick-meta":"","header-below-stick-meta":"","astra-migrate-meta-layouts":"default","ast-page-background-enabled":"default","ast-page-background-meta":{"desktop":{"background-color":"","background-image":"","background-repeat":"repeat","background-position":"center center","background-size":"auto","background-attachment":"scroll","background-type":"","background-media":"","overlay-type":"","overlay-color":"","overlay-opacity":"","overlay-gradient":""},"tablet":{"background-color":"","background-image":"","background-repeat":"repeat","background-position":"center center","background-size":"auto","background-attachment":"scroll","background-type":"","background-media":"","overlay-type":"","overlay-color":"","overlay-opacity":"","overlay-gradient":""},"mobile":{"background-color":"","background-image":"","background-repeat":"repeat","background-position":"center center","background-size":"auto","background-attachment":"scroll","background-type":"","background-media":"","overlay-type":"","overlay-color":"","overlay-opacity":"","overlay-gradient":""}},"ast-content-background-meta":{"desktop":{"background-color":"var(--ast-global-color-5)","background-image":"","background-repeat":"repeat","background-position":"center center","background-size":"auto","background-attachment":"scroll","background-type":"","background-media":"","overlay-type":"","overlay-color":"","overlay-opacity":"","overlay-gradient":""},"tablet":{"background-color":"var(--ast-global-color-5)","background-image":"","background-repeat":"repeat","background-position":"center center","background-size":"auto","background-attachment":"scroll","background-type":"","background-media":"","overlay-type":"","overlay-color":"","overlay-opacity":"","overlay-gradient":""},"mobile":{"background-color":"var(--ast-global-color-5)","background-image":"","background-repeat":"repeat","background-position":"center center","background-size":"auto","background-attachment":"scroll","background-type":"","background-media":"","overlay-type":"","overlay-color":"","overlay-opacity":"","overlay-gradient":""}},"footnotes":""},"class_list":["post-495","page","type-page","status-publish","hentry"],"uagb_featured_image_src":{"full":false,"thumbnail":false,"medium":false,"medium_large":false,"large":false,"1536x1536":false,"2048x2048":false},"uagb_author_info":{"display_name":"Fremitec1","author_link":"https:\/\/fremitec.ind.br\/?author=1"},"uagb_comment_info":0,"uagb_excerpt":"Sobre a empresa Fremitec Precis\u00e3o do atendimentoat\u00e9 a entrega. Comprometida em oferecer os melhores servi\u00e7os de usinagem de precis\u00e3o, atendendo seguimentos dos mercados automotivo, m\u00e1quinas agr\u00edcolas, industrial e outros. A Fremitec tem como responsabilidade, fabricar pe\u00e7as e equipamentos com qualidade, mediante desenhos recebidos dos clientes. Para isso a empresa utiliza tecnologia, garantindo servi\u00e7os de qualidade,&hellip;","_links":{"self":[{"href":"https:\/\/fremitec.ind.br\/index.php?rest_route=\/wp\/v2\/pages\/495","targetHints":{"allow":["GET"]}}],"collection":[{"href":"https:\/\/fremitec.ind.br\/index.php?rest_route=\/wp\/v2\/pages"}],"about":[{"href":"https:\/\/fremitec.ind.br\/index.php?rest_route=\/wp\/v2\/types\/page"}],"author":[{"embeddable":true,"href":"https:\/\/fremitec.ind.br\/index.php?rest_route=\/wp\/v2\/users\/1"}],"replies":[{"embeddable":true,"href":"https:\/\/fremitec.ind.br\/index.php?rest_route=%2Fwp%2Fv2%2Fcomments&post=495"}],"version-history":[{"count":22,"href":"https:\/\/fremitec.ind.br\/index.php?rest_route=\/wp\/v2\/pages\/495\/revisions"}],"predecessor-version":[{"id":648,"href":"https:\/\/fremitec.ind.br\/index.php?rest_route=\/wp\/v2\/pages\/495\/revisions\/648"}],"wp:attachment":[{"href":"https:\/\/fremitec.ind.br\/index.php?rest_route=%2Fwp%2Fv2%2Fmedia&parent=495"}],"curies":[{"name":"wp","href":"https:\/\/api.w.org\/{rel}","templated":true}]}}